{"id":78,"date":"2023-02-15T09:57:37","date_gmt":"2023-02-15T08:57:37","guid":{"rendered":"http:\/\/aucoindufeutheatre.fr\/?page_id=78"},"modified":"2026-03-01T10:37:38","modified_gmt":"2026-03-01T09:37:38","slug":"actualites","status":"publish","type":"page","link":"https:\/\/aucoindufeutheatre.fr\/","title":{"rendered":"Actualit\u00e9s"},"content":{"rendered":"\n<h2 class=\"wp-block-heading has-text-align-center\">LE REPAS DES FAUVES de Vah\u00e9 Katcha<\/h2>\n\n\n\n<blockquote class=\"wp-block-quote is-layout-flow wp-block-quote-is-layout-flow\">\n<p><strong><mark style=\"background-color:rgba(0, 0, 0, 0);color:#ff6900\" class=\"has-inline-color\"><em>Samedi 25 avril 20H et dimanche 26 avril 16h \u00e0 l&rsquo;OLYMPIA 26 Rue Neuve 59160 Lomme Lille<\/em>.<\/mark><\/strong><\/p>\n<\/blockquote>\n\n\n\n<details class=\"wp-block-details is-layout-flow wp-block-details-is-layout-flow\"><summary><\/summary>\n<p><\/p>\n<\/details>\n\n\n\n<p><strong>25 avril<\/strong>     <a href=\"https:\/\/www.helloasso.com\/associations\/theatre-au-coin-du-feu-ou-du-barbeuc\/evenements\/le-repas-des-fauves-25-avril-2026\">https:\/\/www.helloasso.com\/associations\/theatre-au-coin-du-feu-ou-du-barbeuc\/evenements\/le-repas-des-fauves-25-avril-2026<\/a><\/p>\n\n\n\n<p><strong>26 avril <\/strong>      <a href=\"https:\/\/www.helloasso.com\/associations\/theatre-au-coin-du-feu-ou-du-barbeuc\/evenements\/le-repas-des-fauves-26-avril-2026\">https:\/\/www.helloasso.com\/associations\/theatre-au-coin-du-feu-ou-du-barbeuc\/evenements\/le-repas-des-fauves-26-avril-2026<\/a><\/p>\n\n\n\n<p><strong>France, 1942. En pleine occupation allemande, sept amis se retrouvent pour f\u00eater un anniversaire. Mais la soir\u00e9e tourne au drame : deux soldats allemands sont abattus devant leur immeuble. En repr\u00e9sailles, un officier exige deux otages parmi eux. Ce huis clos haletant m\u00eale tension, humour noir et cynisme : quand la survie est en jeu, que reste-t-il de l\u2019amiti\u00e9, de la loyaut\u00e9 et de la morale ? Une com\u00e9die dramatique cruelle et brillante, o\u00f9 l\u2019homme se r\u00e9v\u00e8le\u2026 ou se d\u00e9vore.<\/strong><\/p>\n\n\n\n<div class=\"wp-block-buttons alignwide is-content-justification-center is-layout-flex wp-container-core-buttons-is-layout-a89b3969 wp-block-buttons-is-layout-flex\">\n<div class=\"wp-block-button\"><a class=\"wp-block-button__link wp-element-button\">                                                           <strong>L\u2019association mise \u00e0 l\u2019honneur<\/strong>                                                        <\/a><\/div>\n<\/div>\n\n\n\n<p>Entour\u00e9 de quelques membres du \u00ab\u00a0Th\u00e9atre au coin du feu ou du barbeuc \u00e7a d\u00e9pend des saisons\u00a0\u00bb Pierre Lascombe, pr\u00e9sident fondateur de l\u2019association \u00e0 re\u00e7u des mains de M <em>Olivier Caremelle Maire de Lomme<\/em> la m\u00e9daille de la ville. Distinction qui souligne l&rsquo;engagement de l&rsquo;association dans le tissu associatif de Lomme. Bravo Pierre (et tous les membres de l&rsquo;association) et continuez!!<\/p>\n\n\n\n<div class=\"wp-block-envira-envira-gallery\"><div id=\"envira-gallery-wrap-1007\" class=\"envira-gallery-wrap envira-gallery-theme-base envira-lightbox-theme-base\" itemscope itemtype=\"https:\/\/schema.org\/ImageGallery\"><div data-row-height=\"150\" data-gallery-theme=\"normal\" id=\"envira-gallery-1007\" class=\"envira-gallery-public envira-gallery-justified-public envira-gallery-0-columns envira-clear enviratope envira-gallery-css-animations\" data-envira-columns=\"0\"><div id=\"envira-gallery-item-1006\" class=\"envira-gallery-item enviratope-item envira-gallery-item-1 envira-lazy-load\" style=\"padding-left: 1px; padding-bottom: 1px; padding-right: 1px;\"  itemscope itemtype=\"https:\/\/schema.org\/ImageObject\"><div class=\"envira-gallery-item-inner\"><div class=\"envira-gallery-position-overlay  envira-gallery-top-left\"><\/div><div class=\"envira-gallery-position-overlay  envira-gallery-top-right\"><\/div><div class=\"envira-gallery-position-overlay  envira-gallery-bottom-left\"><\/div><div class=\"envira-gallery-position-overlay  envira-gallery-bottom-right\"><\/div><a href=\"https:\/\/aucoindufeutheatre.fr\/wp-content\/uploads\/2026\/01\/Medaille-10-01-2026-5.jpeg\" class=\"envira-gallery-1007 envira-gallery-link\" rel=\"enviragallery1007\" title=\"M&eacute;daille 10-01-2026-5\" data-envira-caption=\"M&eacute;daille 10-01-2026-5\" data-envira-retina=\"\" data-thumbnail=\"\"  itemprop=\"contentUrl\"><img decoding=\"async\" id=\"envira-gallery-image-1006\" class=\"envira-gallery-image envira-gallery-image-1 envira-normal envira-lazy\" data-envira-index=\"1\" src=\"https:\/\/aucoindufeutheatre.fr\/wp-content\/uploads\/2026\/01\/Medaille-10-01-2026-5-768x1024-640x480.jpeg\" data-envira-src=\"https:\/\/aucoindufeutheatre.fr\/wp-content\/uploads\/2026\/01\/Medaille-10-01-2026-5-768x1024-640x480.jpeg\" data-envira-gallery-id=\"1007\" data-envira-item-id=\"1006\" data-envira-caption=\"M&eacute;daille 10-01-2026-5\" alt=\"\" title=\"M\u00e9daille 10-01-2026-5\"  itemprop=\"thumbnailUrl\" data-envira-srcset=\"https:\/\/aucoindufeutheatre.fr\/wp-content\/uploads\/2026\/01\/Medaille-10-01-2026-5-768x1024-640x480.jpeg 400w,https:\/\/aucoindufeutheatre.fr\/wp-content\/uploads\/2026\/01\/Medaille-10-01-2026-5-768x1024-640x480.jpeg 2x\" data-envira-width=\"225\" data-envira-height=\"300\" srcset=\"data:image\/gif;base64,R0lGODlhAQABAIAAAP\/\/\/\/\/\/\/yH5BAEKAAEALAAAAAABAAEAAAICTAEAOw==\" data-safe-src=\"data:image\/gif;base64,R0lGODlhAQABAIAAAP\/\/\/\/\/\/\/yH5BAEKAAEALAAAAAABAAEAAAICTAEAOw==\" \/><\/a><\/div><\/div><div id=\"envira-gallery-item-1005\" class=\"envira-gallery-item enviratope-item envira-gallery-item-2 envira-lazy-load\" style=\"padding-left: 1px; padding-bottom: 1px; padding-right: 1px;\"  itemscope itemtype=\"https:\/\/schema.org\/ImageObject\"><div class=\"envira-gallery-item-inner\"><div class=\"envira-gallery-position-overlay  envira-gallery-top-left\"><\/div><div class=\"envira-gallery-position-overlay  envira-gallery-top-right\"><\/div><div class=\"envira-gallery-position-overlay  envira-gallery-bottom-left\"><\/div><div class=\"envira-gallery-position-overlay  envira-gallery-bottom-right\"><\/div><a href=\"https:\/\/aucoindufeutheatre.fr\/wp-content\/uploads\/2026\/01\/Medaille-10-01-2026-4.jpeg\" class=\"envira-gallery-1007 envira-gallery-link\" rel=\"enviragallery1007\" title=\"M&eacute;daille 10-01-2026-4\" data-envira-caption=\"M&eacute;daille 10-01-2026-4\" data-envira-retina=\"\" data-thumbnail=\"\"  itemprop=\"contentUrl\"><img decoding=\"async\" id=\"envira-gallery-image-1005\" class=\"envira-gallery-image envira-gallery-image-2 envira-normal envira-lazy\" data-envira-index=\"2\" src=\"https:\/\/aucoindufeutheatre.fr\/wp-content\/uploads\/2026\/01\/Medaille-10-01-2026-4-768x1024-640x480.jpeg\" data-envira-src=\"https:\/\/aucoindufeutheatre.fr\/wp-content\/uploads\/2026\/01\/Medaille-10-01-2026-4-768x1024-640x480.jpeg\" data-envira-gallery-id=\"1007\" data-envira-item-id=\"1005\" data-envira-caption=\"M&eacute;daille 10-01-2026-4\" alt=\"\" title=\"M\u00e9daille 10-01-2026-4\"  itemprop=\"thumbnailUrl\" data-envira-srcset=\"https:\/\/aucoindufeutheatre.fr\/wp-content\/uploads\/2026\/01\/Medaille-10-01-2026-4-768x1024-640x480.jpeg 400w,https:\/\/aucoindufeutheatre.fr\/wp-content\/uploads\/2026\/01\/Medaille-10-01-2026-4-768x1024-640x480.jpeg 2x\" data-envira-width=\"225\" data-envira-height=\"300\" srcset=\"data:image\/gif;base64,R0lGODlhAQABAIAAAP\/\/\/\/\/\/\/yH5BAEKAAEALAAAAAABAAEAAAICTAEAOw==\" data-safe-src=\"data:image\/gif;base64,R0lGODlhAQABAIAAAP\/\/\/\/\/\/\/yH5BAEKAAEALAAAAAABAAEAAAICTAEAOw==\" \/><\/a><\/div><\/div><div id=\"envira-gallery-item-1004\" class=\"envira-gallery-item enviratope-item envira-gallery-item-3 envira-lazy-load\" style=\"padding-left: 1px; padding-bottom: 1px; padding-right: 1px;\"  itemscope itemtype=\"https:\/\/schema.org\/ImageObject\"><div class=\"envira-gallery-item-inner\"><div class=\"envira-gallery-position-overlay  envira-gallery-top-left\"><\/div><div class=\"envira-gallery-position-overlay  envira-gallery-top-right\"><\/div><div class=\"envira-gallery-position-overlay  envira-gallery-bottom-left\"><\/div><div class=\"envira-gallery-position-overlay  envira-gallery-bottom-right\"><\/div><a href=\"https:\/\/aucoindufeutheatre.fr\/wp-content\/uploads\/2026\/01\/Medaille-10-01-2026-3.jpeg\" class=\"envira-gallery-1007 envira-gallery-link\" rel=\"enviragallery1007\" title=\"M&eacute;daille 10-01-2026-3\" data-envira-caption=\"M&eacute;daille 10-01-2026-3\" data-envira-retina=\"\" data-thumbnail=\"\"  itemprop=\"contentUrl\"><img decoding=\"async\" id=\"envira-gallery-image-1004\" class=\"envira-gallery-image envira-gallery-image-3 envira-normal envira-lazy\" data-envira-index=\"3\" src=\"https:\/\/aucoindufeutheatre.fr\/wp-content\/uploads\/2026\/01\/Medaille-10-01-2026-3-768x1024-640x480.jpeg\" data-envira-src=\"https:\/\/aucoindufeutheatre.fr\/wp-content\/uploads\/2026\/01\/Medaille-10-01-2026-3-768x1024-640x480.jpeg\" data-envira-gallery-id=\"1007\" data-envira-item-id=\"1004\" data-envira-caption=\"M&eacute;daille 10-01-2026-3\" alt=\"\" title=\"M\u00e9daille 10-01-2026-3\"  itemprop=\"thumbnailUrl\" data-envira-srcset=\"https:\/\/aucoindufeutheatre.fr\/wp-content\/uploads\/2026\/01\/Medaille-10-01-2026-3-768x1024-640x480.jpeg 400w,https:\/\/aucoindufeutheatre.fr\/wp-content\/uploads\/2026\/01\/Medaille-10-01-2026-3-768x1024-640x480.jpeg 2x\" data-envira-width=\"225\" data-envira-height=\"300\" srcset=\"data:image\/gif;base64,R0lGODlhAQABAIAAAP\/\/\/\/\/\/\/yH5BAEKAAEALAAAAAABAAEAAAICTAEAOw==\" data-safe-src=\"data:image\/gif;base64,R0lGODlhAQABAIAAAP\/\/\/\/\/\/\/yH5BAEKAAEALAAAAAABAAEAAAICTAEAOw==\" \/><\/a><\/div><\/div><div id=\"envira-gallery-item-1003\" class=\"envira-gallery-item enviratope-item envira-gallery-item-4 envira-lazy-load\" style=\"padding-left: 1px; padding-bottom: 1px; padding-right: 1px;\"  itemscope itemtype=\"https:\/\/schema.org\/ImageObject\"><div class=\"envira-gallery-item-inner\"><div class=\"envira-gallery-position-overlay  envira-gallery-top-left\"><\/div><div class=\"envira-gallery-position-overlay  envira-gallery-top-right\"><\/div><div class=\"envira-gallery-position-overlay  envira-gallery-bottom-left\"><\/div><div class=\"envira-gallery-position-overlay  envira-gallery-bottom-right\"><\/div><a href=\"https:\/\/aucoindufeutheatre.fr\/wp-content\/uploads\/2026\/01\/Medaille-10-01-2026-2.jpeg\" class=\"envira-gallery-1007 envira-gallery-link\" rel=\"enviragallery1007\" title=\"M&eacute;daille 10-01-2026-2\" data-envira-caption=\"M&eacute;daille 10-01-2026-2\" data-envira-retina=\"\" data-thumbnail=\"\"  itemprop=\"contentUrl\"><img decoding=\"async\" id=\"envira-gallery-image-1003\" class=\"envira-gallery-image envira-gallery-image-4 envira-normal envira-lazy\" data-envira-index=\"4\" src=\"https:\/\/aucoindufeutheatre.fr\/wp-content\/uploads\/2026\/01\/Medaille-10-01-2026-2-768x1024-640x480.jpeg\" data-envira-src=\"https:\/\/aucoindufeutheatre.fr\/wp-content\/uploads\/2026\/01\/Medaille-10-01-2026-2-768x1024-640x480.jpeg\" data-envira-gallery-id=\"1007\" data-envira-item-id=\"1003\" data-envira-caption=\"M&eacute;daille 10-01-2026-2\" alt=\"\" title=\"M\u00e9daille 10-01-2026-2\"  itemprop=\"thumbnailUrl\" data-envira-srcset=\"https:\/\/aucoindufeutheatre.fr\/wp-content\/uploads\/2026\/01\/Medaille-10-01-2026-2-768x1024-640x480.jpeg 400w,https:\/\/aucoindufeutheatre.fr\/wp-content\/uploads\/2026\/01\/Medaille-10-01-2026-2-768x1024-640x480.jpeg 2x\" data-envira-width=\"225\" data-envira-height=\"300\" srcset=\"data:image\/gif;base64,R0lGODlhAQABAIAAAP\/\/\/\/\/\/\/yH5BAEKAAEALAAAAAABAAEAAAICTAEAOw==\" data-safe-src=\"data:image\/gif;base64,R0lGODlhAQABAIAAAP\/\/\/\/\/\/\/yH5BAEKAAEALAAAAAABAAEAAAICTAEAOw==\" \/><\/a><\/div><\/div><div id=\"envira-gallery-item-1002\" class=\"envira-gallery-item enviratope-item envira-gallery-item-5 envira-lazy-load\" style=\"padding-left: 1px; padding-bottom: 1px; padding-right: 1px;\"  itemscope itemtype=\"https:\/\/schema.org\/ImageObject\"><div class=\"envira-gallery-item-inner\"><div class=\"envira-gallery-position-overlay  envira-gallery-top-left\"><\/div><div class=\"envira-gallery-position-overlay  envira-gallery-top-right\"><\/div><div class=\"envira-gallery-position-overlay  envira-gallery-bottom-left\"><\/div><div class=\"envira-gallery-position-overlay  envira-gallery-bottom-right\"><\/div><a href=\"https:\/\/aucoindufeutheatre.fr\/wp-content\/uploads\/2026\/01\/Medaille-10-01-2026-1.jpeg\" class=\"envira-gallery-1007 envira-gallery-link\" rel=\"enviragallery1007\" title=\"M&eacute;daille 10-01-2026-1\" data-envira-caption=\"M&eacute;daille 10-01-2026-1\" data-envira-retina=\"\" data-thumbnail=\"\"  itemprop=\"contentUrl\"><img decoding=\"async\" id=\"envira-gallery-image-1002\" class=\"envira-gallery-image envira-gallery-image-5 envira-normal envira-lazy\" data-envira-index=\"5\" src=\"https:\/\/aucoindufeutheatre.fr\/wp-content\/uploads\/2026\/01\/Medaille-10-01-2026-1-768x1024-640x480.jpeg\" data-envira-src=\"https:\/\/aucoindufeutheatre.fr\/wp-content\/uploads\/2026\/01\/Medaille-10-01-2026-1-768x1024-640x480.jpeg\" data-envira-gallery-id=\"1007\" data-envira-item-id=\"1002\" data-envira-caption=\"M&eacute;daille 10-01-2026-1\" alt=\"\" title=\"M\u00e9daille 10-01-2026-1\"  itemprop=\"thumbnailUrl\" data-envira-srcset=\"https:\/\/aucoindufeutheatre.fr\/wp-content\/uploads\/2026\/01\/Medaille-10-01-2026-1-768x1024-640x480.jpeg 400w,https:\/\/aucoindufeutheatre.fr\/wp-content\/uploads\/2026\/01\/Medaille-10-01-2026-1-768x1024-640x480.jpeg 2x\" data-envira-width=\"225\" data-envira-height=\"300\" srcset=\"data:image\/gif;base64,R0lGODlhAQABAIAAAP\/\/\/\/\/\/\/yH5BAEKAAEALAAAAAABAAEAAAICTAEAOw==\" data-safe-src=\"data:image\/gif;base64,R0lGODlhAQABAIAAAP\/\/\/\/\/\/\/yH5BAEKAAEALAAAAAABAAEAAAICTAEAOw==\" \/><\/a><\/div><\/div><\/div><\/div><noscript><img decoding=\"async\" src=\"https:\/\/aucoindufeutheatre.fr\/wp-content\/uploads\/2026\/01\/Medaille-10-01-2026-5.jpeg\" alt=\"\" \/><img decoding=\"async\" src=\"https:\/\/aucoindufeutheatre.fr\/wp-content\/uploads\/2026\/01\/Medaille-10-01-2026-4.jpeg\" alt=\"\" \/><img decoding=\"async\" src=\"https:\/\/aucoindufeutheatre.fr\/wp-content\/uploads\/2026\/01\/Medaille-10-01-2026-3.jpeg\" alt=\"\" \/><img decoding=\"async\" src=\"https:\/\/aucoindufeutheatre.fr\/wp-content\/uploads\/2026\/01\/Medaille-10-01-2026-2.jpeg\" alt=\"\" \/><img decoding=\"async\" src=\"https:\/\/aucoindufeutheatre.fr\/wp-content\/uploads\/2026\/01\/Medaille-10-01-2026-1.jpeg\" alt=\"\" \/><\/noscript><\/div>\n\n\n\n<div class=\"wp-block-buttons is-content-justification-center is-layout-flex wp-container-core-buttons-is-layout-a89b3969 wp-block-buttons-is-layout-flex\">\n<div class=\"wp-block-button has-custom-width wp-block-button__width-100\"><a class=\"wp-block-button__link wp-element-button\"><strong>En pr\u00e9paration<\/strong> :<\/a><\/div>\n<\/div>\n\n\n\n<p><strong>Printemps 2026 : LE REPAS DES FAUVES de Vah\u00e9 KATCHA <\/strong><\/p>\n\n\n\n<p><\/p>\n","protected":false},"excerpt":{"rendered":"<p>LE REPAS DES FAUVES de Vah\u00e9 Katcha Samedi 25 avril 20H et dimanche 26 avril 16h \u00e0 l&rsquo;OLYMPIA 26 Rue [&hellip;]<\/p>\n","protected":false},"author":2,"featured_media":0,"parent":0,"menu_order":10,"comment_status":"closed","ping_status":"closed","template":"","meta":{"site-sidebar-layout":"default","site-content-layout":"","ast-site-content-layout":"","site-content-style":"default","site-sidebar-style":"default","ast-global-header-display":"","ast-banner-title-visibility":"","ast-main-header-display":"","ast-hfb-above-header-display":"","ast-hfb-below-header-display":"","ast-hfb-mobile-header-display":"","site-post-title":"","ast-breadcrumbs-content":"","ast-featured-img":"","footer-sml-layout":"","theme-transparent-header-meta":"","adv-header-id-meta":"","stick-header-meta":"","header-above-stick-meta":"","header-main-stick-meta":"","header-below-stick-meta":"","astra-migrate-meta-layouts":"default","ast-page-background-enabled":"default","ast-page-background-meta":{"desktop":{"background-color":"var(--ast-global-color-4)","background-image":"","background-repeat":"repeat","background-position":"center center","background-size":"auto","background-attachment":"scroll","background-type":"","background-media":"","overlay-type":"","overlay-color":"","overlay-gradient":""},"tablet":{"background-color":"","background-image":"","background-repeat":"repeat","background-position":"center center","background-size":"auto","background-attachment":"scroll","background-type":"","background-media":"","overlay-type":"","overlay-color":"","overlay-gradient":""},"mobile":{"background-color":"","background-image":"","background-repeat":"repeat","background-position":"center center","background-size":"auto","background-attachment":"scroll","background-type":"","background-media":"","overlay-type":"","overlay-color":"","overlay-gradient":""}},"ast-content-background-meta":{"desktop":{"background-color":"var(--ast-global-color-5)","background-image":"","background-repeat":"repeat","background-position":"center center","background-size":"auto","background-attachment":"scroll","background-type":"","background-media":"","overlay-type":"","overlay-color":"","overlay-gradient":""},"tablet":{"background-color":"var(--ast-global-color-5)","background-image":"","background-repeat":"repeat","background-position":"center center","background-size":"auto","background-attachment":"scroll","background-type":"","background-media":"","overlay-type":"","overlay-color":"","overlay-gradient":""},"mobile":{"background-color":"var(--ast-global-color-5)","background-image":"","background-repeat":"repeat","background-position":"center center","background-size":"auto","background-attachment":"scroll","background-type":"","background-media":"","overlay-type":"","overlay-color":"","overlay-gradient":""}},"footnotes":""},"class_list":["post-78","page","type-page","status-publish","hentry"],"_links":{"self":[{"href":"https:\/\/aucoindufeutheatre.fr\/index.php\/wp-json\/wp\/v2\/pages\/78","targetHints":{"allow":["GET"]}}],"collection":[{"href":"https:\/\/aucoindufeutheatre.fr\/index.php\/wp-json\/wp\/v2\/pages"}],"about":[{"href":"https:\/\/aucoindufeutheatre.fr\/index.php\/wp-json\/wp\/v2\/types\/page"}],"author":[{"embeddable":true,"href":"https:\/\/aucoindufeutheatre.fr\/index.php\/wp-json\/wp\/v2\/users\/2"}],"replies":[{"embeddable":true,"href":"https:\/\/aucoindufeutheatre.fr\/index.php\/wp-json\/wp\/v2\/comments?post=78"}],"version-history":[{"count":50,"href":"https:\/\/aucoindufeutheatre.fr\/index.php\/wp-json\/wp\/v2\/pages\/78\/revisions"}],"predecessor-version":[{"id":1039,"href":"https:\/\/aucoindufeutheatre.fr\/index.php\/wp-json\/wp\/v2\/pages\/78\/revisions\/1039"}],"wp:attachment":[{"href":"https:\/\/aucoindufeutheatre.fr\/index.php\/wp-json\/wp\/v2\/media?parent=78"}],"curies":[{"name":"wp","href":"https:\/\/api.w.org\/{rel}","templated":true}]}}